{"id":2,"date":"2019-11-20T23:05:15","date_gmt":"2019-11-20T22:05:15","guid":{"rendered":"http:\/\/dewismusicalband.com\/?page_id=2"},"modified":"2020-06-11T11:12:02","modified_gmt":"2020-06-11T09:12:02","slug":"home","status":"publish","type":"page","link":"http:\/\/dewismusicalband.com\/index.php\/home\/","title":{"rendered":"Accueil"},"content":{"rendered":"","protected":false},"excerpt":{"rendered":"","protected":false},"author":1,"featured_media":0,"parent":0,"menu_order":0,"comment_status":"closed","ping_status":"open","template":"","meta":{"_mi_skip_tracking":false},"yoast_head":"<!-- This site is optimized with the Yoast SEO plugin v20.4 - https:\/\/yoast.com\/wordpress\/plugins\/seo\/ -->\n<title>Accueil - Dewis Musical Band<\/title>\n<meta name=\"robots\" content=\"index, follow, max-snippet:-1, max-image-preview:large, max-video-preview:-1\" \/>\n<link rel=\"canonical\" href=\"http:\/\/dewismusicalband.com\/index.php\/home\/\" \/>\n<meta property=\"og:locale\" content=\"en_US\" \/>\n<meta property=\"og:type\" content=\"article\" \/>\n<meta property=\"og:title\" content=\"Accueil - Dewis Musical Band\" \/>\n<meta property=\"og:url\" content=\"http:\/\/dewismusicalband.com\/index.php\/home\/\" \/>\n<meta property=\"og:site_name\" content=\"Dewis Musical Band\" \/>\n<meta property=\"article:modified_time\" content=\"2020-06-11T09:12:02+00:00\" \/>\n<meta name=\"twitter:card\" content=\"summary_large_image\" \/>\n<script type=\"application\/ld+json\" class=\"yoast-schema-graph\">{\"@context\":\"https:\/\/schema.org\",\"@graph\":[{\"@type\":\"WebPage\",\"@id\":\"http:\/\/dewismusicalband.com\/index.php\/home\/\",\"url\":\"http:\/\/dewismusicalband.com\/index.php\/home\/\",\"name\":\"Accueil - Dewis Musical Band\",\"isPartOf\":{\"@id\":\"https:\/\/dewismusicalband.com\/#website\"},\"datePublished\":\"2019-11-20T22:05:15+00:00\",\"dateModified\":\"2020-06-11T09:12:02+00:00\",\"breadcrumb\":{\"@id\":\"http:\/\/dewismusicalband.com\/index.php\/home\/#breadcrumb\"},\"inLanguage\":\"en-US\",\"potentialAction\":[{\"@type\":\"ReadAction\",\"target\":[\"http:\/\/dewismusicalband.com\/index.php\/home\/\"]}]},{\"@type\":\"BreadcrumbList\",\"@id\":\"http:\/\/dewismusicalband.com\/index.php\/home\/#breadcrumb\",\"itemListElement\":[{\"@type\":\"ListItem\",\"position\":1,\"name\":\"Home\",\"item\":\"https:\/\/dewismusicalband.com\/\"},{\"@type\":\"ListItem\",\"position\":2,\"name\":\"Accueil\"}]},{\"@type\":\"WebSite\",\"@id\":\"https:\/\/dewismusicalband.com\/#website\",\"url\":\"https:\/\/dewismusicalband.com\/\",\"name\":\"Dewis Musical Band\",\"description\":\"Dewis Musical Band Dj premium Cannes Fr\u00e9jus Sud France\",\"publisher\":{\"@id\":\"https:\/\/dewismusicalband.com\/#organization\"},\"alternateName\":\"DJ Soir\u00e9e haut de gamme Cannes Fr\u00e9jus Saint Rapha\u00ebl\",\"potentialAction\":[{\"@type\":\"SearchAction\",\"target\":{\"@type\":\"EntryPoint\",\"urlTemplate\":\"https:\/\/dewismusicalband.com\/?s={search_term_string}\"},\"query-input\":\"required name=search_term_string\"}],\"inLanguage\":\"en-US\"},{\"@type\":\"Organization\",\"@id\":\"https:\/\/dewismusicalband.com\/#organization\",\"name\":\"Dewis Musical Band\",\"url\":\"https:\/\/dewismusicalband.com\/\",\"logo\":{\"@type\":\"ImageObject\",\"inLanguage\":\"en-US\",\"@id\":\"https:\/\/dewismusicalband.com\/#\/schema\/logo\/image\/\",\"url\":\"http:\/\/dewismusicalband.com\/wp-content\/uploads\/2020\/06\/cropped-logoDMBtransp.png\",\"contentUrl\":\"http:\/\/dewismusicalband.com\/wp-content\/uploads\/2020\/06\/cropped-logoDMBtransp.png\",\"width\":388,\"height\":46,\"caption\":\"Dewis Musical Band\"},\"image\":{\"@id\":\"https:\/\/dewismusicalband.com\/#\/schema\/logo\/image\/\"}}]}<\/script>\n<!-- \/ Yoast SEO plugin. -->","yoast_head_json":{"title":"Accueil - Dewis Musical Band","robots":{"index":"index","follow":"follow","max-snippet":"max-snippet:-1","max-image-preview":"max-image-preview:large","max-video-preview":"max-video-preview:-1"},"canonical":"http:\/\/dewismusicalband.com\/index.php\/home\/","og_locale":"en_US","og_type":"article","og_title":"Accueil - Dewis Musical Band","og_url":"http:\/\/dewismusicalband.com\/index.php\/home\/","og_site_name":"Dewis Musical Band","article_modified_time":"2020-06-11T09:12:02+00:00","twitter_card":"summary_large_image","schema":{"@context":"https:\/\/schema.org","@graph":[{"@type":"WebPage","@id":"http:\/\/dewismusicalband.com\/index.php\/home\/","url":"http:\/\/dewismusicalband.com\/index.php\/home\/","name":"Accueil - Dewis Musical Band","isPartOf":{"@id":"https:\/\/dewismusicalband.com\/#website"},"datePublished":"2019-11-20T22:05:15+00:00","dateModified":"2020-06-11T09:12:02+00:00","breadcrumb":{"@id":"http:\/\/dewismusicalband.com\/index.php\/home\/#breadcrumb"},"inLanguage":"en-US","potentialAction":[{"@type":"ReadAction","target":["http:\/\/dewismusicalband.com\/index.php\/home\/"]}]},{"@type":"BreadcrumbList","@id":"http:\/\/dewismusicalband.com\/index.php\/home\/#breadcrumb","itemListElement":[{"@type":"ListItem","position":1,"name":"Home","item":"https:\/\/dewismusicalband.com\/"},{"@type":"ListItem","position":2,"name":"Accueil"}]},{"@type":"WebSite","@id":"https:\/\/dewismusicalband.com\/#website","url":"https:\/\/dewismusicalband.com\/","name":"Dewis Musical Band","description":"Dewis Musical Band Dj premium Cannes Fr\u00e9jus Sud France","publisher":{"@id":"https:\/\/dewismusicalband.com\/#organization"},"alternateName":"DJ Soir\u00e9e haut de gamme Cannes Fr\u00e9jus Saint Rapha\u00ebl","potentialAction":[{"@type":"SearchAction","target":{"@type":"EntryPoint","urlTemplate":"https:\/\/dewismusicalband.com\/?s={search_term_string}"},"query-input":"required name=search_term_string"}],"inLanguage":"en-US"},{"@type":"Organization","@id":"https:\/\/dewismusicalband.com\/#organization","name":"Dewis Musical Band","url":"https:\/\/dewismusicalband.com\/","logo":{"@type":"ImageObject","inLanguage":"en-US","@id":"https:\/\/dewismusicalband.com\/#\/schema\/logo\/image\/","url":"http:\/\/dewismusicalband.com\/wp-content\/uploads\/2020\/06\/cropped-logoDMBtransp.png","contentUrl":"http:\/\/dewismusicalband.com\/wp-content\/uploads\/2020\/06\/cropped-logoDMBtransp.png","width":388,"height":46,"caption":"Dewis Musical Band"},"image":{"@id":"https:\/\/dewismusicalband.com\/#\/schema\/logo\/image\/"}}]}},"_links":{"self":[{"href":"http:\/\/dewismusicalband.com\/index.php\/wp-json\/wp\/v2\/pages\/2"}],"collection":[{"href":"http:\/\/dewismusicalband.com\/index.php\/wp-json\/wp\/v2\/pages"}],"about":[{"href":"http:\/\/dewismusicalband.com\/index.php\/wp-json\/wp\/v2\/types\/page"}],"author":[{"embeddable":true,"href":"http:\/\/dewismusicalband.com\/index.php\/wp-json\/wp\/v2\/users\/1"}],"replies":[{"embeddable":true,"href":"http:\/\/dewismusicalband.com\/index.php\/wp-json\/wp\/v2\/comments?post=2"}],"version-history":[{"count":2,"href":"http:\/\/dewismusicalband.com\/index.php\/wp-json\/wp\/v2\/pages\/2\/revisions"}],"predecessor-version":[{"id":19,"href":"http:\/\/dewismusicalband.com\/index.php\/wp-json\/wp\/v2\/pages\/2\/revisions\/19"}],"wp:attachment":[{"href":"http:\/\/dewismusicalband.com\/index.php\/wp-json\/wp\/v2\/media?parent=2"}],"curies":[{"name":"wp","href":"https:\/\/api.w.org\/{rel}","templated":true}]}}